{"id":81,"date":"2020-12-10T15:44:03","date_gmt":"2020-12-10T14:44:03","guid":{"rendered":"https:\/\/www.znr.it\/?page_id=81"},"modified":"2021-01-25T17:01:25","modified_gmt":"2021-01-25T16:01:25","slug":"stefano-rampolla","status":"publish","type":"page","link":"https:\/\/www.znr.it\/en\/notaries\/stefano-rampolla\/","title":{"rendered":"Stefano Rampolla"},"content":{"rendered":"<p><\/p>\n<p class=\"testo\">Born in Milan in 1966.<\/p>\n<p class=\"testo\">Graduated in Law from the University of Milan. Notary Public in Milan since 1999.<\/p>\n<p class=\"testo\">Former lecturer at the School of Notaries of Lombardy. Author of numerous articles, other publications and speeches at conferences.<\/p>\n<p class=\"testo\">Operates mainly in the field of corporate and real estate law and, more specifically in this latter area, on the acquisitions and sales in real estate funds.<\/p>\n<p><\/p>","protected":false},"excerpt":{"rendered":"<p>&#8230;<br \/>\n\t\t<span class=\"read-more\"><a href=\"https:\/\/www.znr.it\/en\/notaries\/stefano-rampolla\/\"> Read more &raquo;<\/a><\/span><\/p>\n","protected":false},"author":1,"featured_media":153,"parent":15,"menu_order":3,"comment_status":"closed","ping_status":"closed","template":"templates\/notaries-child.php","meta":{"_acf_changed":false,"footnotes":""},"class_list":["post-81","page","type-page","status-publish","has-post-thumbnail","hentry"],"acf":[],"yoast_head":"<!-- This site is optimized with the Yoast SEO plugin v26.6 - https:\/\/yoast.com\/wordpress\/plugins\/seo\/ -->\n<title>Stefano Rampolla | ZNR notai<\/title>\n<meta name=\"description\" content=\"Nato a Milano nel 1966. Laureato in Giurisprudenza all\u2019Universit\u00e0 degli Studi di Milano, \u00e8 notaio in Milano dal 1999. Gi\u00e0 docente presso la Scuola di\" \/>\n<meta name=\"robots\" content=\"index, follow, max-snippet:-1, max-image-preview:large, max-video-preview:-1\" \/>\n<link rel=\"canonical\" href=\"https:\/\/www.znr.it\/en\/notai\/stefano-rampolla\/\" \/>\n<meta property=\"og:locale\" content=\"en_US\" \/>\n<meta property=\"og:type\" content=\"article\" \/>\n<meta property=\"og:title\" content=\"Stefano Rampolla | ZNR notai\" \/>\n<meta property=\"og:description\" content=\"Nato a Milano nel 1966. Laureato in Giurisprudenza all\u2019Universit\u00e0 degli Studi di Milano, \u00e8 notaio in Milano dal 1999. Gi\u00e0 docente presso la Scuola di\" \/>\n<meta property=\"og:url\" content=\"https:\/\/www.znr.it\/en\/notai\/stefano-rampolla\/\" \/>\n<meta property=\"og:site_name\" content=\"ZNR notai\" \/>\n<meta property=\"article:modified_time\" content=\"2021-01-25T16:01:25+00:00\" \/>\n<meta property=\"og:image\" content=\"https:\/\/www.znr.it\/wp-content\/uploads\/2020\/12\/stefano-rampolla-ambientata.jpg\" \/>\n\t<meta property=\"og:image:width\" content=\"900\" \/>\n\t<meta property=\"og:image:height\" content=\"594\" \/>\n\t<meta property=\"og:image:type\" content=\"image\/jpeg\" \/>\n<meta name=\"twitter:card\" content=\"summary_large_image\" \/>\n<meta name=\"twitter:label1\" content=\"Est. reading time\" \/>\n\t<meta name=\"twitter:data1\" content=\"1 minute\" \/>\n<script type=\"application\/ld+json\" class=\"yoast-schema-graph\">{\"@context\":\"https:\/\/schema.org\",\"@graph\":[{\"@type\":\"WebPage\",\"@id\":\"https:\/\/www.znr.it\/en\/notai\/stefano-rampolla\/\",\"url\":\"https:\/\/www.znr.it\/en\/notai\/stefano-rampolla\/\",\"name\":\"Stefano Rampolla | ZNR notai\",\"isPartOf\":{\"@id\":\"https:\/\/www.znr.it\/en\/#website\"},\"primaryImageOfPage\":{\"@id\":\"https:\/\/www.znr.it\/en\/notai\/stefano-rampolla\/#primaryimage\"},\"image\":{\"@id\":\"https:\/\/www.znr.it\/notai\/stefano-rampolla\/#primaryimage\"},\"thumbnailUrl\":\"https:\/\/www.znr.it\/wp-content\/uploads\/2020\/12\/stefano-rampolla-ambientata.jpg\",\"datePublished\":\"2020-12-10T14:44:03+00:00\",\"dateModified\":\"2021-01-25T16:01:25+00:00\",\"description\":\"Nato a Milano nel 1966. Laureato in Giurisprudenza all\u2019Universit\u00e0 degli Studi di Milano, \u00e8 notaio in Milano dal 1999. Gi\u00e0 docente presso la Scuola di\",\"breadcrumb\":{\"@id\":\"https:\/\/www.znr.it\/en\/notai\/stefano-rampolla\/#breadcrumb\"},\"inLanguage\":\"en-US\",\"potentialAction\":[{\"@type\":\"ReadAction\",\"target\":[[\"https:\/\/www.znr.it\/en\/notai\/stefano-rampolla\/\"]]}]},{\"@type\":\"ImageObject\",\"inLanguage\":\"en-US\",\"@id\":\"https:\/\/www.znr.it\/en\/notai\/stefano-rampolla\/#primaryimage\",\"url\":\"https:\/\/www.znr.it\/wp-content\/uploads\/2020\/12\/stefano-rampolla-ambientata.jpg\",\"contentUrl\":\"https:\/\/www.znr.it\/wp-content\/uploads\/2020\/12\/stefano-rampolla-ambientata.jpg\",\"width\":900,\"height\":594},{\"@type\":\"BreadcrumbList\",\"@id\":\"https:\/\/www.znr.it\/en\/notai\/stefano-rampolla\/#breadcrumb\",\"itemListElement\":[{\"@type\":\"ListItem\",\"position\":1,\"name\":\"Notai\",\"item\":\"https:\/\/www.znr.it\/en\/notai\/\"},{\"@type\":\"ListItem\",\"position\":2,\"name\":\"Stefano Rampolla\"}]},{\"@type\":\"WebSite\",\"@id\":\"https:\/\/www.znr.it\/en\/#website\",\"url\":\"https:\/\/www.znr.it\/en\/\",\"name\":\"ZNR notai\",\"description\":\"\",\"potentialAction\":[{\"@type\":\"SearchAction\",\"target\":{\"@type\":\"EntryPoint\",\"urlTemplate\":\"https:\/\/www.znr.it\/en\/?s={search_term_string}\"},\"query-input\":{\"@type\":\"PropertyValueSpecification\",\"valueRequired\":true,\"valueName\":\"search_term_string\"}}],\"inLanguage\":\"en-US\"}]}<\/script>\n<!-- \/ Yoast SEO plugin. -->","yoast_head_json":{"title":"Stefano Rampolla | ZNR notai","description":"Nato a Milano nel 1966. Laureato in Giurisprudenza all\u2019Universit\u00e0 degli Studi di Milano, \u00e8 notaio in Milano dal 1999. Gi\u00e0 docente presso la Scuola di","robots":{"index":"index","follow":"follow","max-snippet":"max-snippet:-1","max-image-preview":"max-image-preview:large","max-video-preview":"max-video-preview:-1"},"canonical":"https:\/\/www.znr.it\/en\/notai\/stefano-rampolla\/","og_locale":"en_US","og_type":"article","og_title":"Stefano Rampolla | ZNR notai","og_description":"Nato a Milano nel 1966. Laureato in Giurisprudenza all\u2019Universit\u00e0 degli Studi di Milano, \u00e8 notaio in Milano dal 1999. Gi\u00e0 docente presso la Scuola di","og_url":"https:\/\/www.znr.it\/en\/notai\/stefano-rampolla\/","og_site_name":"ZNR notai","article_modified_time":"2021-01-25T16:01:25+00:00","og_image":[{"width":900,"height":594,"url":"https:\/\/www.znr.it\/wp-content\/uploads\/2020\/12\/stefano-rampolla-ambientata.jpg","type":"image\/jpeg"}],"twitter_card":"summary_large_image","twitter_misc":{"Est. reading time":"1 minute"},"schema":{"@context":"https:\/\/schema.org","@graph":[{"@type":"WebPage","@id":"https:\/\/www.znr.it\/en\/notai\/stefano-rampolla\/","url":"https:\/\/www.znr.it\/en\/notai\/stefano-rampolla\/","name":"Stefano Rampolla | ZNR notai","isPartOf":{"@id":"https:\/\/www.znr.it\/en\/#website"},"primaryImageOfPage":{"@id":"https:\/\/www.znr.it\/en\/notai\/stefano-rampolla\/#primaryimage"},"image":{"@id":"https:\/\/www.znr.it\/notai\/stefano-rampolla\/#primaryimage"},"thumbnailUrl":"https:\/\/www.znr.it\/wp-content\/uploads\/2020\/12\/stefano-rampolla-ambientata.jpg","datePublished":"2020-12-10T14:44:03+00:00","dateModified":"2021-01-25T16:01:25+00:00","description":"Nato a Milano nel 1966. Laureato in Giurisprudenza all\u2019Universit\u00e0 degli Studi di Milano, \u00e8 notaio in Milano dal 1999. Gi\u00e0 docente presso la Scuola di","breadcrumb":{"@id":"https:\/\/www.znr.it\/en\/notai\/stefano-rampolla\/#breadcrumb"},"inLanguage":"en-US","potentialAction":[{"@type":"ReadAction","target":[["https:\/\/www.znr.it\/en\/notai\/stefano-rampolla\/"]]}]},{"@type":"ImageObject","inLanguage":"en-US","@id":"https:\/\/www.znr.it\/en\/notai\/stefano-rampolla\/#primaryimage","url":"https:\/\/www.znr.it\/wp-content\/uploads\/2020\/12\/stefano-rampolla-ambientata.jpg","contentUrl":"https:\/\/www.znr.it\/wp-content\/uploads\/2020\/12\/stefano-rampolla-ambientata.jpg","width":900,"height":594},{"@type":"BreadcrumbList","@id":"https:\/\/www.znr.it\/en\/notai\/stefano-rampolla\/#breadcrumb","itemListElement":[{"@type":"ListItem","position":1,"name":"Notai","item":"https:\/\/www.znr.it\/en\/notai\/"},{"@type":"ListItem","position":2,"name":"Stefano Rampolla"}]},{"@type":"WebSite","@id":"https:\/\/www.znr.it\/en\/#website","url":"https:\/\/www.znr.it\/en\/","name":"ZNR notai","description":"","potentialAction":[{"@type":"SearchAction","target":{"@type":"EntryPoint","urlTemplate":"https:\/\/www.znr.it\/en\/?s={search_term_string}"},"query-input":{"@type":"PropertyValueSpecification","valueRequired":true,"valueName":"search_term_string"}}],"inLanguage":"en-US"}]}},"_links":{"self":[{"href":"https:\/\/www.znr.it\/en\/wp-json\/wp\/v2\/pages\/81","targetHints":{"allow":["GET"]}}],"collection":[{"href":"https:\/\/www.znr.it\/en\/wp-json\/wp\/v2\/pages"}],"about":[{"href":"https:\/\/www.znr.it\/en\/wp-json\/wp\/v2\/types\/page"}],"author":[{"embeddable":true,"href":"https:\/\/www.znr.it\/en\/wp-json\/wp\/v2\/users\/1"}],"replies":[{"embeddable":true,"href":"https:\/\/www.znr.it\/en\/wp-json\/wp\/v2\/comments?post=81"}],"version-history":[{"count":5,"href":"https:\/\/www.znr.it\/en\/wp-json\/wp\/v2\/pages\/81\/revisions"}],"predecessor-version":[{"id":530,"href":"https:\/\/www.znr.it\/en\/wp-json\/wp\/v2\/pages\/81\/revisions\/530"}],"up":[{"embeddable":true,"href":"https:\/\/www.znr.it\/en\/wp-json\/wp\/v2\/pages\/15"}],"wp:featuredmedia":[{"embeddable":true,"href":"https:\/\/www.znr.it\/en\/wp-json\/wp\/v2\/media\/153"}],"wp:attachment":[{"href":"https:\/\/www.znr.it\/en\/wp-json\/wp\/v2\/media?parent=81"}],"curies":[{"name":"wp","href":"https:\/\/api.w.org\/{rel}","templated":true}]}}